{"id":4318,"date":"2017-05-07T22:12:39","date_gmt":"2017-05-08T01:12:39","guid":{"rendered":"http:\/\/www.letraseletricas.blog.br\/lit\/?page_id=4318"},"modified":"2019-06-13T21:52:55","modified_gmt":"2019-06-14T00:52:55","slug":"portfolio","status":"publish","type":"page","link":"http:\/\/www.letraseletricas.blog.br\/lit\/portfolio\/","title":{"rendered":"Portf\u00f3lio"},"content":{"rendered":"\n<p>Principais categorias de obras que j\u00e1 publiquei aqui, cada uma com liga\u00e7\u00f5es para aqueles textos cuja leitura recomendo como exemplo de cada tipo.<\/p>\n\n\n\n<table class=\"wp-block-table\"><tbody><tr><th><a href=\"http:\/\/www.letraseletricas.blog.br\/lit\/livros\">Livros<\/a><\/th><td>publica\u00e7\u00f5es fora do site<\/td><\/tr><tr><th><a href=\"http:\/\/www.letraseletricas.blog.br\/lit\/portfolio\/contos\">Contos<\/a><\/th><td>hist\u00f3rias curtas de fic\u00e7\u00e3o<\/td><\/tr><tr><th><a href=\"http:\/\/www.letraseletricas.blog.br\/lit\/portfolio\/cronicas\">Cr\u00f4nicas<\/a><\/th><td>hist\u00f3rias curtas e divertidas com base em fatos reais<\/td><\/tr><tr><th><a href=\"http:\/\/www.letraseletricas.blog.br\/lit\/portfolio\/poesia\">Poesia<\/a><\/th><td>linhas que dizem coisas que n\u00e3o se diz normalmente<\/td><\/tr><tr><th><a href=\"http:\/\/www.letraseletricas.blog.br\/lit\/portfolio\/traducoes\">Tradu\u00e7\u00f5es<\/a><\/th><td>vers\u00f5es em portugu\u00eas de obras estrangeiras<\/td><\/tr><tr><th><a href=\"http:\/\/www.letraseletricas.blog.br\/lit\/portfolio\/ensaios\">Ensaios<\/a><\/th><td>disserta\u00e7\u00f5es de cunho mais s\u00e9rio<\/td><\/tr><tr><th><a href=\"http:\/\/www.letraseletricas.blog.br\/lit\/portfolio\/critica\">Cr\u00edtica<\/a><\/th><td>textos de aprecia\u00e7\u00e3o liter\u00e1ria e art\u00edstica em geral<\/td><\/tr><tr><th><a href=\"http:\/\/www.letraseletricas.blog.br\/lit\/portfolio\/opiniao\">Opini\u00e3o<\/a><\/th><td>textos mais pol\u00eamicos<\/td><\/tr><tr><th><a href=\"http:\/\/www.letraseletricas.blog.br\/lit\/portfolio\/resenhas\">Resenhas<\/a><\/th><td>de filmes ou livros<\/td><\/tr><tr><th><a href=\"http:\/\/www.letraseletricas.blog.br\/lit\/portfolio\/reflexoes\">Reflex\u00f5es<\/a><\/th><td>disserta\u00e7\u00f5es sem pol\u00eamica<\/td><\/tr><\/tbody><\/table>\n","protected":false},"excerpt":{"rendered":"<p>Principais categorias de obras que j\u00e1 publiquei aqui, cada uma com liga\u00e7\u00f5es para aqueles textos cuja leitura recomendo como exemplo de cada tipo. Livros publica\u00e7\u00f5es fora do site Contos hist\u00f3rias curtas de fic\u00e7\u00e3o Cr\u00f4nicas hist\u00f3rias curtas e divertidas com base em fatos reais Poesia linhas que dizem coisas que n\u00e3o se diz normalmente Tradu\u00e7\u00f5es vers\u00f5es em portugu\u00eas de obras estrangeiras Ensaios disserta\u00e7\u00f5es de cunho mais s\u00e9rio Cr\u00edtica textos de aprecia\u00e7\u00e3o liter\u00e1ria e art\u00edstica em geral Opini\u00e3o textos mais pol\u00eamicos Resenhas de filmes ou livros Reflex\u00f5es [&hellip;]<\/p>\n","protected":false},"author":1,"featured_media":0,"parent":0,"menu_order":0,"comment_status":"closed","ping_status":"closed","template":"","meta":[],"_links":{"self":[{"href":"http:\/\/www.letraseletricas.blog.br\/lit\/wp-json\/wp\/v2\/pages\/4318"}],"collection":[{"href":"http:\/\/www.letraseletricas.blog.br\/lit\/wp-json\/wp\/v2\/pages"}],"about":[{"href":"http:\/\/www.letraseletricas.blog.br\/lit\/wp-json\/wp\/v2\/types\/page"}],"author":[{"embeddable":true,"href":"http:\/\/www.letraseletricas.blog.br\/lit\/wp-json\/wp\/v2\/users\/1"}],"replies":[{"embeddable":true,"href":"http:\/\/www.letraseletricas.blog.br\/lit\/wp-json\/wp\/v2\/comments?post=4318"}],"version-history":[{"count":10,"href":"http:\/\/www.letraseletricas.blog.br\/lit\/wp-json\/wp\/v2\/pages\/4318\/revisions"}],"predecessor-version":[{"id":6840,"href":"http:\/\/www.letraseletricas.blog.br\/lit\/wp-json\/wp\/v2\/pages\/4318\/revisions\/6840"}],"wp:attachment":[{"href":"http:\/\/www.letraseletricas.blog.br\/lit\/wp-json\/wp\/v2\/media?parent=4318"}],"curies":[{"name":"wp","href":"https:\/\/api.w.org\/{rel}","templated":true}]}}