{"id":4325,"date":"2017-05-07T22:34:07","date_gmt":"2017-05-08T01:34:07","guid":{"rendered":"http:\/\/www.letraseletricas.blog.br\/lit\/?page_id=4325"},"modified":"2017-11-12T17:55:15","modified_gmt":"2017-11-12T20:55:15","slug":"reflexoes","status":"publish","type":"page","link":"http:\/\/www.letraseletricas.blog.br\/lit\/portfolio\/reflexoes\/","title":{"rendered":"Reflex\u00f5es"},"content":{"rendered":"<p>Esta p\u00e1gina lista os meus favoritos entre os textos descompromissados que escrevi, em geral sobre assuntos n\u00e3o liter\u00e1rios. Esses textos n\u00e3o devem ser considerados como exemplo de minha prosa e nem de minha erudi\u00e7\u00e3o, apenas de minha opini\u00e3o (a qual, em geral, vai de encontro \u00e0queles aspectos). Talvez futuramente eu acrescente resenhas.<\/p>\n<ul>\n<li><a href=\"http:\/\/www.letraseletricas.blog.br\/lit\/2017\/04\/adventavit-asinus\">Adventavit Asinus<\/a>, abril de 2017.<\/li>\n<li><a href=\"http:\/\/www.letraseletricas.blog.br\/lit\/2013\/09\/nos-os-ridiculos\">N\u00f3s, os Rid\u00edculos<\/a>, setembro de 2013.<\/li>\n<li><a href=\"http:\/\/www.letraseletricas.blog.br\/lit\/2013\/08\/os-melhores-momentos-acontecem-depois\">Os Melhores Momentos Acontecem Depois<\/a>, agosto de 2013.<\/li>\n<li><a href=\"http:\/\/www.letraseletricas.blog.br\/lit\/2012\/11\/em-nome-dos-mortos\">Em Nome dos Mortos<\/a>, novembro de 2011.<\/li>\n<li><a href=\"http:\/\/www.letraseletricas.blog.br\/lit\/2010\/08\/morrer-nunca-esteve-tao-na-moda\">Morrer Nunca Esteve T\u00e3o Na Moda<\/a>, agosto de 2010.<\/li>\n<li><a href=\"http:\/\/www.letraseletricas.blog.br\/lit\/2010\/06\/o-sabio-louco-e-o-ignorante-vigoroso\">O S\u00e1bio Louco e o Ignorante Vigoroso<\/a>, junho de 2010.<\/li>\n<\/ul>\n","protected":false},"excerpt":{"rendered":"<p>Esta p\u00e1gina lista os meus favoritos entre os textos descompromissados que escrevi, em geral sobre assuntos n\u00e3o liter\u00e1rios. Esses textos n\u00e3o devem ser considerados como exemplo de minha prosa e nem de minha erudi\u00e7\u00e3o, apenas de minha opini\u00e3o (a qual, em geral, vai de encontro \u00e0queles aspectos). Talvez futuramente eu acrescente resenhas. Adventavit Asinus, abril de 2017. N\u00f3s, os Rid\u00edculos, setembro de 2013. Os Melhores Momentos Acontecem Depois, agosto de 2013. Em Nome dos Mortos, novembro de 2011. Morrer Nunca Esteve T\u00e3o Na Moda, agosto [&hellip;]<\/p>\n","protected":false},"author":1,"featured_media":0,"parent":4318,"menu_order":0,"comment_status":"closed","ping_status":"closed","template":"","meta":[],"_links":{"self":[{"href":"http:\/\/www.letraseletricas.blog.br\/lit\/wp-json\/wp\/v2\/pages\/4325"}],"collection":[{"href":"http:\/\/www.letraseletricas.blog.br\/lit\/wp-json\/wp\/v2\/pages"}],"about":[{"href":"http:\/\/www.letraseletricas.blog.br\/lit\/wp-json\/wp\/v2\/types\/page"}],"author":[{"embeddable":true,"href":"http:\/\/www.letraseletricas.blog.br\/lit\/wp-json\/wp\/v2\/users\/1"}],"replies":[{"embeddable":true,"href":"http:\/\/www.letraseletricas.blog.br\/lit\/wp-json\/wp\/v2\/comments?post=4325"}],"version-history":[{"count":2,"href":"http:\/\/www.letraseletricas.blog.br\/lit\/wp-json\/wp\/v2\/pages\/4325\/revisions"}],"predecessor-version":[{"id":5565,"href":"http:\/\/www.letraseletricas.blog.br\/lit\/wp-json\/wp\/v2\/pages\/4325\/revisions\/5565"}],"up":[{"embeddable":true,"href":"http:\/\/www.letraseletricas.blog.br\/lit\/wp-json\/wp\/v2\/pages\/4318"}],"wp:attachment":[{"href":"http:\/\/www.letraseletricas.blog.br\/lit\/wp-json\/wp\/v2\/media?parent=4325"}],"curies":[{"name":"wp","href":"https:\/\/api.w.org\/{rel}","templated":true}]}}