{"id":4328,"date":"2017-05-07T22:42:18","date_gmt":"2017-05-08T01:42:18","guid":{"rendered":"http:\/\/www.letraseletricas.blog.br\/lit\/?page_id=4328"},"modified":"2017-11-12T17:55:11","modified_gmt":"2017-11-12T20:55:11","slug":"resenhas","status":"publish","type":"page","link":"http:\/\/www.letraseletricas.blog.br\/lit\/portfolio\/resenhas\/","title":{"rendered":"Resenhas"},"content":{"rendered":"<p>Esta p\u00e1gina coleciona textos que escrevi resenhando filmes e livros. N\u00e3o \u00e9 um h\u00e1bito que eu tenho com frequ\u00eancia, mas geralmente resulta em textos longos, muito detalhados e cheios de <span style=\"color: red; text-decoration: blink\">spoilers<\/span>. Voc\u00ea foi avisado.<\/p>\n<ul>\n<li><a href=\"http:\/\/www.letraseletricas.blog.br\/lit\/2016\/07\/a-terra-da-noite\">A Terra da Noite<\/a>, julho de 2016.<\/li>\n<li><a href=\"http:\/\/www.letraseletricas.blog.br\/lit\/2016\/01\/impressoes-da-leitura-de-harry-potter-e-os-metodos-da-racionalidade\">Impress\u00f5es da Leitura de \u201cHarry Potter e os M\u00e9todos da Racionalidade\u201d<\/a>, janeiro de 2016.<\/li>\n<li><a href=\"http:\/\/www.letraseletricas.blog.br\/lit\/2015\/07\/impressoes-apenas-as-positivas-da-leitura-da-serie-harry-potter\">Impress\u00f5es (Apenas as Positivas) da Leitura da S\u00e9rie \u201cHarry Potter\u201d<\/a>, julho de 2015.<\/li>\n<li><a href=\"http:\/\/www.letraseletricas.blog.br\/lit\/2015\/01\/impressoes-da-leitura-de-coracao-das-trevas-de-joseph-conrad\">Impress\u00f5es da Leitura de \u201cCora\u00e7\u00e3o das Trevas\u201d, de Joseph Conrad<\/a>, janeiro de 2015.<\/li>\n<li><a href=\"http:\/\/www.letraseletricas.blog.br\/lit\/2014\/12\/impressoes-da-leitura-de-contos-de-philip-k-dick\">Impress\u00f5es da Leitura de Contos (diversos) de Philip K. Dick<\/a>, dezembro de 2014.<\/li>\n<li><a href=\"http:\/\/www.letraseletricas.blog.br\/lit\/2014\/01\/resenha-vulthoom-e-o-ciclo-marciano-de-clark-ashton-smith-sem-spoilers\">Vulthoom e o Ciclo Marciano de Clark Ashton-Smith<\/a>, janeiro de 2014.<\/li>\n<li><a href=\"http:\/\/www.letraseletricas.blog.br\/lit\/2012\/11\/impressoes-deixadas-por-stalker-de-andrei-tarkovsky\">Impress\u00f5es Deixadas por \u201cStalker\u201d, de Andrei Tarkovsky<\/a>, novembro de 2012.<\/li>\n<li><a href=\"http:\/\/www.letraseletricas.blog.br\/lit\/2011\/07\/impressoes-da-leitura-de-piquenique-na-estrada-dos-irmaos-strugatsky\">Impress\u00f5es da Leitura de \u201cPiquenique na Estrada\u201c, dos Irm\u00e3os Strugatsky<\/a>, julho de 2011.<\/li>\n<li><a href=\"http:\/\/www.letraseletricas.blog.br\/lit\/2009\/08\/lendo-paulo-coelho\">Lendo Paulo Coelho<\/a>, agosto de 2009.<\/li>\n<\/ul>\n","protected":false},"excerpt":{"rendered":"<p>Esta p\u00e1gina coleciona textos que escrevi resenhando filmes e livros. N\u00e3o \u00e9 um h\u00e1bito que eu tenho com frequ\u00eancia, mas geralmente resulta em textos longos, muito detalhados e cheios de spoilers. Voc\u00ea foi avisado. A Terra da Noite, julho de 2016. Impress\u00f5es da Leitura de \u201cHarry Potter e os M\u00e9todos da Racionalidade\u201d, janeiro de 2016. Impress\u00f5es (Apenas as Positivas) da Leitura da S\u00e9rie \u201cHarry Potter\u201d, julho de 2015. Impress\u00f5es da Leitura de \u201cCora\u00e7\u00e3o das Trevas\u201d, de Joseph Conrad, janeiro de 2015. Impress\u00f5es da Leitura de [&hellip;]<\/p>\n","protected":false},"author":1,"featured_media":0,"parent":4318,"menu_order":0,"comment_status":"closed","ping_status":"closed","template":"","meta":[],"_links":{"self":[{"href":"http:\/\/www.letraseletricas.blog.br\/lit\/wp-json\/wp\/v2\/pages\/4328"}],"collection":[{"href":"http:\/\/www.letraseletricas.blog.br\/lit\/wp-json\/wp\/v2\/pages"}],"about":[{"href":"http:\/\/www.letraseletricas.blog.br\/lit\/wp-json\/wp\/v2\/types\/page"}],"author":[{"embeddable":true,"href":"http:\/\/www.letraseletricas.blog.br\/lit\/wp-json\/wp\/v2\/users\/1"}],"replies":[{"embeddable":true,"href":"http:\/\/www.letraseletricas.blog.br\/lit\/wp-json\/wp\/v2\/comments?post=4328"}],"version-history":[{"count":2,"href":"http:\/\/www.letraseletricas.blog.br\/lit\/wp-json\/wp\/v2\/pages\/4328\/revisions"}],"predecessor-version":[{"id":5564,"href":"http:\/\/www.letraseletricas.blog.br\/lit\/wp-json\/wp\/v2\/pages\/4328\/revisions\/5564"}],"up":[{"embeddable":true,"href":"http:\/\/www.letraseletricas.blog.br\/lit\/wp-json\/wp\/v2\/pages\/4318"}],"wp:attachment":[{"href":"http:\/\/www.letraseletricas.blog.br\/lit\/wp-json\/wp\/v2\/media?parent=4328"}],"curies":[{"name":"wp","href":"https:\/\/api.w.org\/{rel}","templated":true}]}}