{"id":4344,"date":"2017-05-08T21:29:48","date_gmt":"2017-05-09T00:29:48","guid":{"rendered":"http:\/\/www.letraseletricas.blog.br\/lit\/?page_id=4344"},"modified":"2017-11-17T20:04:09","modified_gmt":"2017-11-17T23:04:09","slug":"poesia","status":"publish","type":"page","link":"http:\/\/www.letraseletricas.blog.br\/lit\/portfolio\/poesia\/","title":{"rendered":"Poesia"},"content":{"rendered":"<p>Eu raramente escrevo poesia atualmente, embora ainda a leia com frequ\u00eancia. Esses s\u00e3o alguns textos de que n\u00e3o chego a me envergonhar.<\/p>\n<ul>\n<li><a href=\"http:\/\/www.letraseletricas.blog.br\/lit\/2017\/09\/dois-lados\">Dois Lados<\/a><\/li>\n<li><a href=\"http:\/\/www.letraseletricas.blog.br\/lit\/2013\/09\/letras-eletricas\">Letras El\u00e9tricas<\/a><\/li>\n<li><a href=\"http:\/\/www.letraseletricas.blog.br\/lit\/2012\/10\/pequenas-e-grandes-coisas\">Pequenas e Grandes Coisas<\/a><\/li>\n<li><a href=\"http:\/\/www.letraseletricas.blog.br\/lit\/2012\/08\/assombracoes\">Assombra\u00e7\u00f5es<\/a><\/li>\n<li><a href=\"http:\/\/www.letraseletricas.blog.br\/lit\/2012\/07\/tristeza-nova\">Tristeza Nova<\/a><\/li>\n<li><a href=\"http:\/\/www.letraseletricas.blog.br\/lit\/2012\/06\/o-tempo-no-caminho\">O Tempo no Caminho<\/a><\/li>\n<li><a href=\"http:\/\/www.letraseletricas.blog.br\/lit\/2012\/04\/saudades\">Saudades<\/a><\/li>\n<li><a href=\"http:\/\/www.letraseletricas.blog.br\/lit\/2012\/02\/poema-com-um-titulo-mais-longo-que-a-tristeza\">Poema com um T\u00edtulo Mais Longo que a Tristeza<\/a><\/li>\n<li><a href=\"http:\/\/www.letraseletricas.blog.br\/lit\/2012\/02\/absolutamente\">Absolutamente<\/a><\/li>\n<li><a href=\"http:\/\/www.letraseletricas.blog.br\/lit\/2011\/03\/no-espaco-que-fica\">No Espa\u00e7o que Fica<\/a><\/li>\n<li><a href=\"http:\/\/www.letraseletricas.blog.br\/lit\/2011\/02\/mensagem-negativa\">Mensagem Negativa<\/a><\/li>\n<li><a href=\"http:\/\/www.letraseletricas.blog.br\/lit\/2010\/10\/requiem-para-projetos-esquecidos\">R\u00e9quiem para Projetos Esquecidos<\/a><\/li>\n<li><a href=\"http:\/\/www.letraseletricas.blog.br\/lit\/2010\/09\/sentidos\">Sentidos<\/a><\/li>\n<li><a href=\"http:\/\/www.letraseletricas.blog.br\/lit\/2010\/09\/o-fascinio-do-latim\">O Fasc\u00ednio do Latim<\/a><\/li>\n<li><a href=\"http:\/\/www.letraseletricas.blog.br\/lit\/2010\/08\/improviso\">Improviso<\/a><\/li>\n<li><a href=\"http:\/\/www.letraseletricas.blog.br\/lit\/2010\/08\/nao-me-acusem\">N\u00e3o me Acusem<\/a><\/li>\n<li><a href=\"http:\/\/www.letraseletricas.blog.br\/lit\/2010\/08\/um-buraco-em-forma-de-deus\">Um Buraco em Forma de Deus<\/a><\/li>\n<li><a href=\"http:\/\/www.letraseletricas.blog.br\/lit\/2008\/12\/evitando-saudades\">Evitando Saudades<\/a><\/li>\n<li><a href=\"http:\/\/www.letraseletricas.blog.br\/lit\/2008\/10\/ruido\">Ru\u00eddo<\/a><\/li>\n<li><a href=\"http:\/\/www.letraseletricas.blog.br\/lit\/2010\/08\/amores-que-perdi\">Amores que Perdi<\/a><\/li>\n<\/ul>\n","protected":false},"excerpt":{"rendered":"<p>Eu raramente escrevo poesia atualmente, embora ainda a leia com frequ\u00eancia. Esses s\u00e3o alguns textos de que n\u00e3o chego a me envergonhar. Dois Lados Letras El\u00e9tricas Pequenas e Grandes Coisas Assombra\u00e7\u00f5es Tristeza Nova O Tempo no Caminho Saudades Poema com um T\u00edtulo Mais Longo que a Tristeza Absolutamente No Espa\u00e7o que Fica Mensagem Negativa R\u00e9quiem para Projetos Esquecidos Sentidos O Fasc\u00ednio do Latim Improviso N\u00e3o me Acusem Um Buraco em Forma de Deus Evitando Saudades Ru\u00eddo Amores que Perdi<\/p>\n","protected":false},"author":1,"featured_media":0,"parent":4318,"menu_order":0,"comment_status":"closed","ping_status":"closed","template":"","meta":[],"_links":{"self":[{"href":"http:\/\/www.letraseletricas.blog.br\/lit\/wp-json\/wp\/v2\/pages\/4344"}],"collection":[{"href":"http:\/\/www.letraseletricas.blog.br\/lit\/wp-json\/wp\/v2\/pages"}],"about":[{"href":"http:\/\/www.letraseletricas.blog.br\/lit\/wp-json\/wp\/v2\/types\/page"}],"author":[{"embeddable":true,"href":"http:\/\/www.letraseletricas.blog.br\/lit\/wp-json\/wp\/v2\/users\/1"}],"replies":[{"embeddable":true,"href":"http:\/\/www.letraseletricas.blog.br\/lit\/wp-json\/wp\/v2\/comments?post=4344"}],"version-history":[{"count":4,"href":"http:\/\/www.letraseletricas.blog.br\/lit\/wp-json\/wp\/v2\/pages\/4344\/revisions"}],"predecessor-version":[{"id":5629,"href":"http:\/\/www.letraseletricas.blog.br\/lit\/wp-json\/wp\/v2\/pages\/4344\/revisions\/5629"}],"up":[{"embeddable":true,"href":"http:\/\/www.letraseletricas.blog.br\/lit\/wp-json\/wp\/v2\/pages\/4318"}],"wp:attachment":[{"href":"http:\/\/www.letraseletricas.blog.br\/lit\/wp-json\/wp\/v2\/media?parent=4344"}],"curies":[{"name":"wp","href":"https:\/\/api.w.org\/{rel}","templated":true}]}}