{"id":5627,"date":"2017-11-16T15:01:46","date_gmt":"2017-11-16T18:01:46","guid":{"rendered":"http:\/\/www.letraseletricas.blog.br\/lit\/?page_id=5627"},"modified":"2017-11-21T22:17:09","modified_gmt":"2017-11-22T01:17:09","slug":"ensaios","status":"publish","type":"page","link":"http:\/\/www.letraseletricas.blog.br\/lit\/portfolio\/ensaios\/","title":{"rendered":"Ensaios"},"content":{"rendered":"<p>Textos em que desenvolvo de maneira mais completa racioc\u00ednios um pouco mais elaborados do que uma simples opini\u00e3o.<\/p>\n<ul>\n<li><a href=\"http:\/\/www.letraseletricas.blog.br\/lit\/2017\/11\/leitores-nao-sao-todos-iguais-leituras-tambem-nao\">Leitores N\u00e3o S\u00e3o Iguais, Leituras Tamb\u00e9m N\u00e3o<\/a><\/li>\n<li><a href=\"http:\/\/www.letraseletricas.blog.br\/lit\/2017\/11\/voce-se-considera-um-autor-profissional\">Voc\u00ea se Considera um Autor Profissional?<\/a><\/li>\n<li><a href=\"http:\/\/www.letraseletricas.blog.br\/lit\/2017\/10\/da-obrigacao-de-criar-personagens-negros-na-literatura\">Da Obriga\u00e7\u00e3o de Criar Personagens Negros na Literatura<\/a><\/li>\n<li><a href=\"http:\/\/www.letraseletricas.blog.br\/lit\/2017\/08\/ser-genio-em-uma-sociedade-ignorante\">Ser G\u00eanio em uma Sociedade Ignorante<\/a><\/li>\n<li><a href=\"http:\/\/www.letraseletricas.blog.br\/lit\/2017\/02\/a-defesa-da-jornada-do-heroi-atraves-de-falacias\">A Defesa da Jornada do Her\u00f3i Atrav\u00e9s de Fal\u00e1cias<\/a><\/li>\n<li><a href=\"http:\/\/www.letraseletricas.blog.br\/lit\/2016\/06\/o-editor-superstar\">O Editor Superstar<\/a><\/li>\n<li><a href=\"http:\/\/www.letraseletricas.blog.br\/lit\/2015\/06\/bonitinha-mas-ordinaria-um-filme-que-explica-o-brasil\">Bonitinha, Mar Ordin\u00e1ria: Um Filme que Explica o Brasil<\/a><\/li>\n<li><a href=\"http:\/\/www.letraseletricas.blog.br\/lit\/2015\/06\/bonitinha-mas-ordinaria-um-filme-que-explica-o-brasil\">O Culto da Carga na Literatura Nacional<\/a><\/li>\n<li><a href=\"http:\/\/www.letraseletricas.blog.br\/lit\/2014\/05\/a-fila-nao-incomoda\">A Fila N\u00e3o Incomoda: Uma Cr\u00edtica \u00e0 Jornada do Her\u00f3i<\/a><\/li>\n<li><a href=\"http:\/\/www.letraseletricas.blog.br\/lit\/2011\/10\/nao-vamos-as-estrelas-baby\">N\u00e3o Vamos \u00e0s Estrelas, <em>Baby<\/em><\/a><\/li>\n<\/ul>\n","protected":false},"excerpt":{"rendered":"<p>Textos em que desenvolvo de maneira mais completa racioc\u00ednios um pouco mais elaborados do que uma simples opini\u00e3o. Leitores N\u00e3o S\u00e3o Iguais, Leituras Tamb\u00e9m N\u00e3o Voc\u00ea se Considera um Autor Profissional? Da Obriga\u00e7\u00e3o de Criar Personagens Negros na Literatura Ser G\u00eanio em uma Sociedade Ignorante A Defesa da Jornada do Her\u00f3i Atrav\u00e9s de Fal\u00e1cias O Editor Superstar Bonitinha, Mar Ordin\u00e1ria: Um Filme que Explica o Brasil O Culto da Carga na Literatura Nacional A Fila N\u00e3o Incomoda: Uma Cr\u00edtica \u00e0 Jornada do Her\u00f3i N\u00e3o Vamos [&hellip;]<\/p>\n","protected":false},"author":1,"featured_media":0,"parent":4318,"menu_order":0,"comment_status":"closed","ping_status":"closed","template":"","meta":[],"_links":{"self":[{"href":"http:\/\/www.letraseletricas.blog.br\/lit\/wp-json\/wp\/v2\/pages\/5627"}],"collection":[{"href":"http:\/\/www.letraseletricas.blog.br\/lit\/wp-json\/wp\/v2\/pages"}],"about":[{"href":"http:\/\/www.letraseletricas.blog.br\/lit\/wp-json\/wp\/v2\/types\/page"}],"author":[{"embeddable":true,"href":"http:\/\/www.letraseletricas.blog.br\/lit\/wp-json\/wp\/v2\/users\/1"}],"replies":[{"embeddable":true,"href":"http:\/\/www.letraseletricas.blog.br\/lit\/wp-json\/wp\/v2\/comments?post=5627"}],"version-history":[{"count":3,"href":"http:\/\/www.letraseletricas.blog.br\/lit\/wp-json\/wp\/v2\/pages\/5627\/revisions"}],"predecessor-version":[{"id":5641,"href":"http:\/\/www.letraseletricas.blog.br\/lit\/wp-json\/wp\/v2\/pages\/5627\/revisions\/5641"}],"up":[{"embeddable":true,"href":"http:\/\/www.letraseletricas.blog.br\/lit\/wp-json\/wp\/v2\/pages\/4318"}],"wp:attachment":[{"href":"http:\/\/www.letraseletricas.blog.br\/lit\/wp-json\/wp\/v2\/media?parent=5627"}],"curies":[{"name":"wp","href":"https:\/\/api.w.org\/{rel}","templated":true}]}}