{"id":5642,"date":"2017-11-22T23:14:13","date_gmt":"2017-11-23T02:14:13","guid":{"rendered":"http:\/\/www.letraseletricas.blog.br\/lit\/?page_id=5642"},"modified":"2017-11-26T19:14:13","modified_gmt":"2017-11-26T22:14:13","slug":"critica","status":"publish","type":"page","link":"http:\/\/www.letraseletricas.blog.br\/lit\/portfolio\/critica\/","title":{"rendered":"Cr\u00edtica"},"content":{"rendered":"<p>Textos com opini\u00f5es sobre literatura e artes em geral, excluindo resenhas propriamente ditas, que ficam em <a href=\"http:\/\/www.letraseletricas.blog.br\/lit\/portfolio\/resenhas\">categoria \u00e0 parte<\/a>.<\/p>\n<style type=\"text\/css\">\ndl { margin: 2ex 2% }\ndl dt, dl dd {display: inline; margin: 0 ; padding: 0 }\ndt:after { content: \" \u2015 \" }\ndd:after { display: block; content: '' }\n<\/style>\n<dl>\n<dt><a href=\"http:\/\/www.letraseletricas.blog.br\/lit\/2017\/03\/arte-para-quem-goste-de-arte\">Arte Para Quem Goste de Arte<\/a><\/dt>\n<dd>Uma vis\u00e3o &#8220;ignorante&#8221; e &#8220;preconceituosa&#8221; da arte moderna.<\/dd>\n<dt><a href=\"http:\/\/www.letraseletricas.blog.br\/lit\/2017\/02\/a-defesa-da-jornada-do-heroi-atraves-de-falacias\">A Defesa da Jornada do Her\u00f3i Atrav\u00e9s de Fal\u00e1cias<\/a><\/dt>\n<dd>Uma demonstra\u00e7\u00e3o cabal de que a maioria das pessoas (autores, cr\u00edticos e editores) que prop\u00f5e ou defende o uso da &#8220;Jornada do Her\u00f3i&#8221; por autores, principalmente de fantasia, o faz pelas mais erradas raz\u00f5es.<\/dd>\n<dt><a href=\"http:\/\/www.letraseletricas.blog.br\/lit\/2017\/02\/o-mito-da-acessibilidade\">O Mito da Acessibilidade<\/a><\/dt>\n<dd>Porque eu acredito que a necessidade de tornar a literatura &#8220;mais acess\u00edvel&#8221; implica em torn\u00e1-la ruim.<\/dd>\n<dt><a href=\"http:\/\/www.letraseletricas.blog.br\/lit\/2016\/06\/o-editor-superstar\">O Editor Superstar<\/a><\/dt>\n<dd>O endeusamento de Gordon Lish, um editor americano famoso por interferir pesadamente nas obras dos autores com quem trabalhava, a ponto de, em alguns casos, estes n\u00e3o mais se reconhecerem como  os autores das pr\u00f3prias obras.<\/dd>\n<dt><a href=\"http:\/\/www.letraseletricas.blog.br\/lit\/2015\/01\/tudo-seria-valido-em-literatura\">Tudo Seria V\u00e1lido em Literatura?<\/a><\/dt>\n<dd>Resposta \u00e1cida e at\u00e9 mal-educada que eu dei a uma jovem que acreditava que a qualidade n\u00e3o \u00e9 algo que se possa definir de maneira objetiva e que &#8220;os cl\u00e1ssicos s\u00e3o chatos&#8221;.<\/dd>\n<dt><a href=\"http:\/\/www.letraseletricas.blog.br\/lit\/2014\/09\/sobre-inveja-e-uma-critica-razoavel\">Sobre a Inveja e a Cr\u00edtica Razo\u00e1vel<\/a><\/dt>\n<dd>Tentativa de me defender da acus\u00e3o de criticar Raphael Draccon por inveja.<\/dd>\n<dt><a href=\"http:\/\/www.letraseletricas.blog.br\/lit\/2014\/08\/depois-de-ler-draccon-reli-o-alquimista-e-achei-bom\">Depois de Ler Draccon, Reli o Alquimista e Achei Bom<\/a><\/dt>\n<dd>Meu coment\u00e1rio sobre o referido autor.<\/dd>\n<dt><a href=\"http:\/\/www.letraseletricas.blog.br\/lit\/2014\/05\/a-fila-nao-incomoda\">A Fila N\u00e3o Incomoda<\/a><\/dt>\n<dd>Uma cr\u00edtica \u00e0 Jornada do Her\u00f3i e um manifesto pelo direito de escrever livros impopulares.<\/dd>\n<\/dl>\n","protected":false},"excerpt":{"rendered":"<p>Textos com opini\u00f5es sobre literatura e artes em geral, excluindo resenhas propriamente ditas, que ficam em categoria \u00e0 parte. Arte Para Quem Goste de Arte Uma vis\u00e3o &#8220;ignorante&#8221; e &#8220;preconceituosa&#8221; da arte moderna. A Defesa da Jornada do Her\u00f3i Atrav\u00e9s de Fal\u00e1cias Uma demonstra\u00e7\u00e3o cabal de que a maioria das pessoas (autores, cr\u00edticos e editores) que prop\u00f5e ou defende o uso da &#8220;Jornada do Her\u00f3i&#8221; por autores, principalmente de fantasia, o faz pelas mais erradas raz\u00f5es. O Mito da Acessibilidade Porque eu acredito que a [&hellip;]<\/p>\n","protected":false},"author":1,"featured_media":0,"parent":4318,"menu_order":0,"comment_status":"closed","ping_status":"closed","template":"","meta":[],"_links":{"self":[{"href":"http:\/\/www.letraseletricas.blog.br\/lit\/wp-json\/wp\/v2\/pages\/5642"}],"collection":[{"href":"http:\/\/www.letraseletricas.blog.br\/lit\/wp-json\/wp\/v2\/pages"}],"about":[{"href":"http:\/\/www.letraseletricas.blog.br\/lit\/wp-json\/wp\/v2\/types\/page"}],"author":[{"embeddable":true,"href":"http:\/\/www.letraseletricas.blog.br\/lit\/wp-json\/wp\/v2\/users\/1"}],"replies":[{"embeddable":true,"href":"http:\/\/www.letraseletricas.blog.br\/lit\/wp-json\/wp\/v2\/comments?post=5642"}],"version-history":[{"count":6,"href":"http:\/\/www.letraseletricas.blog.br\/lit\/wp-json\/wp\/v2\/pages\/5642\/revisions"}],"predecessor-version":[{"id":5694,"href":"http:\/\/www.letraseletricas.blog.br\/lit\/wp-json\/wp\/v2\/pages\/5642\/revisions\/5694"}],"up":[{"embeddable":true,"href":"http:\/\/www.letraseletricas.blog.br\/lit\/wp-json\/wp\/v2\/pages\/4318"}],"wp:attachment":[{"href":"http:\/\/www.letraseletricas.blog.br\/lit\/wp-json\/wp\/v2\/media?parent=5642"}],"curies":[{"name":"wp","href":"https:\/\/api.w.org\/{rel}","templated":true}]}}