{"id":5650,"date":"2017-11-23T22:12:41","date_gmt":"2017-11-24T01:12:41","guid":{"rendered":"http:\/\/www.letraseletricas.blog.br\/lit\/?page_id=5650"},"modified":"2017-11-26T16:03:14","modified_gmt":"2017-11-26T19:03:14","slug":"opiniao","status":"publish","type":"page","link":"http:\/\/www.letraseletricas.blog.br\/lit\/portfolio\/opiniao\/","title":{"rendered":"Opini\u00e3o"},"content":{"rendered":"<p>Artigos que cont\u00eam opini\u00f5es assistem\u00e1ticas e frequentemente desagrad\u00e1veis, em geral sobre literatura:<\/p>\n<style type=\"text\/css\">\ndl { margin: 2ex 2% }\ndl dt, dl dd {display: inline; margin: 0 ; padding: 0 }\ndt:after { content: \" \u2015 \" }\ndd:after { display: block; content: '' }\n<\/style>\n<dl>\n<dt><a href=\"http:\/\/www.letraseletricas.blog.br\/lit\/2017\/03\/vale-ou-nao-vale-auto-publicar-se\">Vale ou N\u00e3o Vale a Pena Autopublicar-se?<\/a><\/dt>\n<dd>Situa\u00e7\u00f5es que fazem um autor se perguntar se vale a pena publicar por uma &#8220;editora&#8221; ou tentar fazer tudo sozinho.<\/dd>\n<dt><a href=\"http:\/\/www.letraseletricas.blog.br\/lit\/2017\/03\/voce-nao-precisa-de-incentivo-voce-precisa-de-gostar-do-que-faz\">Voc\u00ea n\u00e3o Precisa de Incentivo, Precisa \u00e9 Gostar do que Faz<\/a><\/dt>\n<dd>Por que h\u00e1 certos pretensos escritores que desejam aplausos para que continuem a escrever?<\/dd>\n<dt><a href=\"http:\/\/www.letraseletricas.blog.br\/lit\/2017\/03\/sue-para-escrever-sua-cota-seja-como-for\">Sue Para Escrever Sua Cota, Seja Como For<\/a><\/dt>\n<dd>Os autores de hoje se imp\u00f5em uma cota di\u00e1ria de palavras, como um infeliz sujeito obrigado pelo m\u00e9dico a pagar flex\u00f5es e puxar ferros para entrar em forma.<\/dd>\n<dt><a href=\"http:\/\/www.letraseletricas.blog.br\/lit\/2017\/02\/livros-perigosos-2\">Livros Perigosos<\/a><\/dt>\n<dd>Ser\u00e1 perigoso ler autores que foram pessoalmente detest\u00e1veis ou tiveram ideologias inadequadas?<\/dd>\n<dt><a href=\"http:\/\/www.letraseletricas.blog.br\/lit\/2017\/02\/obras-ininteligiveis\">Obras Inintelig\u00edveis<\/a><\/dt>\n<dd>A pr\u00f3pria defini\u00e7\u00e3o de intelectualidade exige clareza. Uma obra inteligente \u00e9 intelig\u00edvel.<\/dd>\n<dt><a href=\"http:\/\/www.letraseletricas.blog.br\/lit\/2017\/02\/o-que-se-rouba-e-o-que-se-quebra\">O Que se Rouba e o que se Quebra<\/a><\/dt>\n<dd>As prioridades de uma sociedade de ostenta\u00e7\u00e3o diante de uma crise de seguran\u00e7a p\u00fablica.<\/dd>\n<dt><a href=\"http:\/\/www.letraseletricas.blog.br\/lit\/2016\/12\/por-que-que-a-gente-e-assim\">Por Que Que a Gente \u00e9 Assim?<\/a><\/dt>\n<dd>O veneno tem v\u00e1rios sabores. H\u00e1 os editores que prometem publica\u00e7\u00e3o mediante a entrega de dinheiro, e h\u00e1 os que exigem a entrega da alma.<\/dd>\n<dt><a href=\"http:\/\/www.letraseletricas.blog.br\/lit\/2015\/06\/artistas-devem-ser-progressistas\">Artistas Devem Ser Progressistas?<\/a><\/dt>\n<dd>Artistas s\u00e3o pessoas que fazem arte. Pessoas s\u00e3o boas ou m\u00e1s conforme circunst\u00e2ncias, raramente algu\u00e9m \u00e9 uma coisa s\u00f3 pela vida toda.<\/dd>\n<dt><a href=\"http:\/\/www.letraseletricas.blog.br\/lit\/2015\/04\/o-fetiche-do-numero-na-literatura\">O Fetiche do N\u00famero na Literatura<\/a><\/dt>\n<dd>Os novos autores parecem obcecados por n\u00e3o escreverem bastante r\u00e1pido ou com suficiente frequ\u00eancia, somo se fossem galinhas obrigadas a manter uma quota de ovos para n\u00e3o acabarem engrossando uma canja.<\/dd>\n<dt><a href=\"http:\/\/www.letraseletricas.blog.br\/lit\/2015\/04\/ainda-sera-possivel-falar-do-brasil\">Ainda Ser\u00e1 Poss\u00edvel Falar do Brasil?<\/a><\/dt>\n<dd>Como valorizar a cultura nacional se toda ela est\u00e1 impregnada de escravismo e intoler\u00e2ncia, se toda ela foi criminalizada?<\/dd>\n<dt><a href=\"http:\/\/www.letraseletricas.blog.br\/lit\/2015\/03\/a-escola-brasileira-educa-para-a-violencia\">A Escola Brasileira Educa para a Viol\u00eancia<\/a><\/dt>\n<dd>A escola que temos no Brasil \u00e9 fruto h\u00edbrido de uma ideologia conciliat\u00f3ria que nasceu da forma torta como chegamos de volta \u00e0 democracia, depois da noite de vinte e um anos que quase nos asfixiou.<\/dd>\n<dt><a href=\"http:\/\/www.letraseletricas.blog.br\/lit\/2015\/03\/porque-odeiam-machado-de-assis\">Por que Odeiam Machado de Assis?<\/a><\/dt>\n<dd>Aparentemente os jovens acreditam que a fun\u00e7\u00e3o da escola \u00e9 exclusivamente dar-lhes o que gostam e o que escolhem, da\u00ed a revolta por receberem a tarefa de ler Machado de Assis.<\/dd>\n<dt><a href=\"http:\/\/www.letraseletricas.blog.br\/lit\/2015\/02\/porque-os-autores-querem-tanto-ensinar-a-escrever\">Por que os Jovens Autores Querem Tanto Ensinar a Escrever?<\/a><\/dt>\n<dd>O problema n\u00e3o \u00e9 o publicador de um livro s\u00f3 aparecer ensinando, \u00e9 ele aparecer com a ideia de que descobriu algo novo e revolucion\u00e1rio. Ensinar conservadoramente \u00e9 bastante f\u00e1cil.<\/dd>\n<dt><a href=\"http:\/\/www.letraseletricas.blog.br\/lit\/2015\/01\/13-razoes-pelas-quaes-a-orthographia-etymologica-nao-deveria-ter-sido-abolida\">13 Raz\u00f5es Pelas Quaes a Orthographia Etymologica Na\u00f5 Deveria Ter Sido Abolida<\/a><\/dt>\n<dd>Mais pela galhofa do que pela sinceridade, argumento que as reformas ortogr\u00e1ficas n\u00e3o foram bem-sucedidas.<\/dd>\n<dt><a href=\"http:\/\/www.letraseletricas.blog.br\/lit\/2014\/09\/ninguem-tem-o-direito-de-nunca-ser-ofendido\">Ningu\u00e9m Tem o Direito de Nunca Ser Ofendido<\/a><\/dt>\n<dd>Coment\u00e1rios sobre a &#8220;pele fina&#8221; que os escritores tendem a ter.<\/dd>\n<dt><a href=\"http:\/\/www.letraseletricas.blog.br\/lit\/2014\/04\/facamos-a-literatura-feia\">Fa\u00e7amos a Literatura Feia<\/a><\/dt>\n<dd>Sobre a necessidade de escrever livros que incomodem e que n\u00e3o entreguem ao leitor exatamente o que ele quer.<\/dd>\n<dt><a href=\"http:\/\/www.letraseletricas.blog.br\/lit\/2014\/04\/a-qualidade-nao-e-uma-roupa\">A Qualidade N\u00e3o \u00e9 uma Roupa<\/a><\/dt>\n<dd>Defesa da necessidade de coer\u00eancia entre forma e conte\u00fado para manter a qualidade e a integridade art\u00edstica.<\/dd>\n<dt><a href=\"http:\/\/www.letraseletricas.blog.br\/lit\/2013\/12\/agora-que-a-mascara-caiu\">Agora que a M\u00e1scara Caiu<\/a><\/dt>\n<dd>Coment\u00e1rios sobre um conto sat\u00edrico que eu aprensentei a um concurso de contos supostamente s\u00e9rios.<\/dd>\n<dt><a href=\"http:\/\/www.letraseletricas.blog.br\/lit\/2013\/08\/procuramos-escritores-amestrados\">Procuramos Escritores Amestrados<\/a><\/dt>\n<dd>A infame entrevista de Raphael Draccon e suas diretrizes editoriais.<\/dd>\n<dt><a href=\"http:\/\/www.letraseletricas.blog.br\/lit\/2013\/04\/queime-um-livro\">Queime um Livro<\/a><\/dt>\n<dd>O dia em que um blog liter\u00e1rio famoso resolveu se transformar em um ve\u00edculo de censura.<\/dd>\n<dt><a href=\"http:\/\/www.letraseletricas.blog.br\/lit\/2013\/02\/continuamos-comprando-espelhos\">Continuamos Comprando Espelhos<\/a><\/dt>\n<dd>A trag\u00e9dia, ou melhor, a Praga do Egito, que \u00e9 o nosso sistema educacional.<\/dd>\n<dt><a href=\"http:\/\/www.letraseletricas.blog.br\/lit\/2012\/07\/sera-que-somos-tao-sofisticados\">Ser\u00e1 que Somos T\u00e3o Sofisticados?<\/a><\/dt>\n<dd>Por que h\u00e1 uma voga t\u00e3o forte de literatura inintelig\u00edvel?<\/dd>\n<dt><a href=\"http:\/\/www.letraseletricas.blog.br\/lit\/2010\/11\/doze-sintomas-de-que-um-livro-e-xarope\">Doze Sintomas de que um Livro \u00e9 \u201cXarope\u201d<\/a><\/dt>\n<dd>Uma s\u00e1tira \u00e0 literatura de auto-ajuda.<\/dd>\n<dt><a href=\"http:\/\/www.letraseletricas.blog.br\/lit\/2010\/11\/humilde-e-o-rei-nu\">Humilde \u00e9 o Rei Nu<\/a><\/dt>\n<dd>Uma curiosa invers\u00e3o de valores que ocorre nas redes sociais de escritores.<\/dd>\n<dt><a href=\"http:\/\/www.letraseletricas.blog.br\/lit\/2010\/09\/nossas-escolas-odeiam-os-livros\">Nossas Escolas Odeiam Livros<\/a><\/dt>\n<dd>Como os professores, inconscientemente, ensinam os alunos a tratar os livros de maneira inadequada.<\/dd>\n<\/dl>\n","protected":false},"excerpt":{"rendered":"<p>Artigos que cont\u00eam opini\u00f5es assistem\u00e1ticas e frequentemente desagrad\u00e1veis, em geral sobre literatura: Vale ou N\u00e3o Vale a Pena Autopublicar-se? Situa\u00e7\u00f5es que fazem um autor se perguntar se vale a pena publicar por uma &#8220;editora&#8221; ou tentar fazer tudo sozinho. Voc\u00ea n\u00e3o Precisa de Incentivo, Precisa \u00e9 Gostar do que Faz Por que h\u00e1 certos pretensos escritores que desejam aplausos para que continuem a escrever? Sue Para Escrever Sua Cota, Seja Como For Os autores de hoje se imp\u00f5em uma cota di\u00e1ria de palavras, como um [&hellip;]<\/p>\n","protected":false},"author":1,"featured_media":0,"parent":4318,"menu_order":0,"comment_status":"closed","ping_status":"closed","template":"","meta":[],"_links":{"self":[{"href":"http:\/\/www.letraseletricas.blog.br\/lit\/wp-json\/wp\/v2\/pages\/5650"}],"collection":[{"href":"http:\/\/www.letraseletricas.blog.br\/lit\/wp-json\/wp\/v2\/pages"}],"about":[{"href":"http:\/\/www.letraseletricas.blog.br\/lit\/wp-json\/wp\/v2\/types\/page"}],"author":[{"embeddable":true,"href":"http:\/\/www.letraseletricas.blog.br\/lit\/wp-json\/wp\/v2\/users\/1"}],"replies":[{"embeddable":true,"href":"http:\/\/www.letraseletricas.blog.br\/lit\/wp-json\/wp\/v2\/comments?post=5650"}],"version-history":[{"count":8,"href":"http:\/\/www.letraseletricas.blog.br\/lit\/wp-json\/wp\/v2\/pages\/5650\/revisions"}],"predecessor-version":[{"id":5672,"href":"http:\/\/www.letraseletricas.blog.br\/lit\/wp-json\/wp\/v2\/pages\/5650\/revisions\/5672"}],"up":[{"embeddable":true,"href":"http:\/\/www.letraseletricas.blog.br\/lit\/wp-json\/wp\/v2\/pages\/4318"}],"wp:attachment":[{"href":"http:\/\/www.letraseletricas.blog.br\/lit\/wp-json\/wp\/v2\/media?parent=5650"}],"curies":[{"name":"wp","href":"https:\/\/api.w.org\/{rel}","templated":true}]}}