{"id":1551,"date":"2014-04-23T01:00:49","date_gmt":"2014-04-23T04:00:49","guid":{"rendered":"http:\/\/www.letraseletricas.blog.br\/lit\/?page_id=1551"},"modified":"2017-11-12T17:56:40","modified_gmt":"2017-11-12T20:56:40","slug":"quem-sou","status":"publish","type":"page","link":"https:\/\/www.letraseletricas.blog.br\/lit\/quem-sou\/","title":{"rendered":"Quem Sou"},"content":{"rendered":"<p>Ol\u00e1, sou o Jos\u00e9 Geraldo, um escritor amador brasileiro. Neste blog voc\u00ea encontrar\u00e1 algumas coisas que eu andei escrevendo, tretas em que me meti e liga\u00e7\u00f5es para livros que lancei. Voc\u00ea pode come\u00e7ar examinando os livros que lancei recentemente ou se conectando comigo nas redes sociais para acompanhar atualiza\u00e7\u00f5es. Um pouco mais abaixo h\u00e1 uma lista interativa do conte\u00fado mais relevante.<\/p>\n<p>Lendo este blogue voc\u00ea descobrir\u00e1 que eu tenho um problema: eu teimo em escrever desde os meus 12 anos e venho teimando, apesar de tudo, pela vida afora. Provavelmente 90% do que eu escrevo n\u00e3o presta, mas eu acredito que mais da metade \u00e9 melhor do que o escrito por muita gente at\u00e9 j\u00e1 publicou. Vivo pela ilus\u00e3o de que 10% podem prestar e fazer a diferen\u00e7a para algu\u00e9m.<\/p>\n<p>Comecei fazendo poesia, mas hoje quase n\u00e3o fa\u00e7o. Faria mais se tivesse parceiro para fazer letra de m\u00fasica. Tenho escrito alguns romances, mas o que me agrada mesmo \u00e9 o tal do conto.<\/p>\n<p>Nasci, me criei e ainda vivo no interior de Minas Gerais. Longe dos grandes centros, por\u00e9m mais perto do que voc\u00eas imaginam.<\/p>\n<p>Meu principal assunto liter\u00e1rio \u00e9 a vida do homem comum, em cidades de pequeno para m\u00e9dio porte. Tamb\u00e9m escrevo fantasia, mas com menos frequ\u00eancia. Eu j\u00e1 acho a vida real suficientemente incr\u00edvel.<\/p>\n<p>Sou meio destemperado no que escrevo, mas sou uma \u00f3tima companhia para tomar cerveja e assistir os jogos do Galo (\u00fanica religi\u00e3o que eu tenho) ou ouvir m\u00fasica. Rock, principalmente.<\/p>\n<p>Sou casado, tenho duas filhas, uma casa de quintal, uma janela que d\u00e1 para um regato e uma varanda que d\u00e1 para uma pracinha. Meu quintal \u00e9 visitado por um gamb\u00e1 de estima\u00e7\u00e3o, para quem costumo deixar frutas. Minha mulher n\u00e3o gostava dele, no come\u00e7o, mas hoje quis que eu tirasse uma foto dele para por no Facebook. Infelizmente ele foi esperto. Mas qualquer dia desses o ver\u00e3o aqui. Estou aceitando sugest\u00f5es de nomes para ele.<\/p>\n<p>Em rela\u00e7\u00e3o \u00e0 minha experi\u00eancia de vida, eu fiz meu primeiro curso de inform\u00e1tica em um computador com monitor de f\u00f3sforo, monocrom\u00e1tico. Eu tamb\u00e9m tenho diplomas de curso de datilografia. Em m\u00e1quina mec\u00e2nica. Isto \u00e9 tudo que voc\u00eas precisam saber.<\/p>\n","protected":false},"excerpt":{"rendered":"<p>Ol\u00e1, meu nome \u00e9 Jos\u00e9 Geraldo Gouv\u00eaa e eu tenho um problema: eu teimei em escrever desde os meus 12 anos e venho teimando apesar de tudo pela vida afora. Provavelmente 90% do que eu escrevo n\u00e3o presta. Vivo pela ilus\u00e3o de que 10% pode prestar e fazer a diferen\u00e7a para algu\u00e9m.<\/p>\n","protected":false},"author":1,"featured_media":0,"parent":0,"menu_order":0,"comment_status":"closed","ping_status":"open","template":"","meta":[],"_links":{"self":[{"href":"https:\/\/www.letraseletricas.blog.br\/lit\/wp-json\/wp\/v2\/pages\/1551"}],"collection":[{"href":"https:\/\/www.letraseletricas.blog.br\/lit\/wp-json\/wp\/v2\/pages"}],"about":[{"href":"https:\/\/www.letraseletricas.blog.br\/lit\/wp-json\/wp\/v2\/types\/page"}],"author":[{"embeddable":true,"href":"https:\/\/www.letraseletricas.blog.br\/lit\/wp-json\/wp\/v2\/users\/1"}],"replies":[{"embeddable":true,"href":"https:\/\/www.letraseletricas.blog.br\/lit\/wp-json\/wp\/v2\/comments?post=1551"}],"version-history":[{"count":4,"href":"https:\/\/www.letraseletricas.blog.br\/lit\/wp-json\/wp\/v2\/pages\/1551\/revisions"}],"predecessor-version":[{"id":5567,"href":"https:\/\/www.letraseletricas.blog.br\/lit\/wp-json\/wp\/v2\/pages\/1551\/revisions\/5567"}],"wp:attachment":[{"href":"https:\/\/www.letraseletricas.blog.br\/lit\/wp-json\/wp\/v2\/media?parent=1551"}],"curies":[{"name":"wp","href":"https:\/\/api.w.org\/{rel}","templated":true}]}}